{"id":6270,"date":"2026-01-14T23:10:54","date_gmt":"2026-01-15T04:10:54","guid":{"rendered":"https:\/\/vokeso.com\/?page_id=6270"},"modified":"2026-05-01T16:10:54","modified_gmt":"2026-05-01T20:10:54","slug":"la-bd","status":"publish","type":"page","link":"https:\/\/vokeso.com\/fr\/la-bd\/","title":{"rendered":"La BD"},"content":{"rendered":"<p>[vc_row full_width=\u00a0\u00bbstretch_row_content_no_spaces\u00a0\u00bb css_animation=\u00a0\u00bbfadeInUp\u00a0\u00bb css=\u00a0\u00bb.vc_custom_1581022965911{margin-top: 0px !important;margin-right: 0px !important;margin-bottom: 0px !important;margin-left: 0px !important;border-top-width: 0px !important;border-right-width: 0px !important;border-bottom-width: 0px !important;border-left-width: 0px !important;padding-top: 0px !important;padding-right: 30px !important;padding-bottom: 0px !important;padding-left: 30px !important;}\u00a0\u00bb][vc_column width=\u00a0\u00bb1\/6&Prime;][\/vc_column][vc_column width=\u00a0\u00bb2\/3&Prime; css=\u00a0\u00bb.vc_custom_1528821166754{margin-top: 0px !important;margin-right: 0px !important;margin-bottom: 0px !important;margin-left: 0px !important;border-top-width: 0px !important;border-right-width: 0px !important;border-bottom-width: 0px !important;border-left-width: 0px !important;padding-top: 0px !important;padding-right: 0px !important;padding-bottom: 0px !important;padding-left: 0px !important;}\u00a0\u00bb][vc_single_image image=\u00a0\u00bb6206&Prime; img_size=\u00a0\u00bbfull\u00a0\u00bb css=\u00a0\u00bb.vc_custom_1768449852861{margin-left: -50px !important;}\u00a0\u00bb][vc_column_text]Voici, pour votre amusement, notre petite bande dessin\u00e9e publi\u00e9e tous les deux mois et inspir\u00e9e de mon livre Successfully Implementing ERP.<\/p>\n<p>En cliquant sur chaque lien, vous y trouverez des gags inspir\u00e9s de nos exp\u00e9riences d\u2019implantation ou provenant de notre imagination.<\/p>\n<p>Merci de nous lire.<\/p>\n<p>Sylvain.<br \/>\n[\/vc_column_text]<div id=\"ultimate-heading-13666a05d0d1b7abc\" class=\"uvc-heading ult-adjust-bottom-margin ultimate-heading-13666a05d0d1b7abc uvc-7408 wtv-sh\" data-hspacer=\"no_spacer\"  data-halign=\"left\" style=\"text-align:left\"><div class=\"uvc-heading-spacer no_spacer\" style=\"top\"><\/div><div class=\"uvc-main-heading ult-responsive\"  data-ultimate-target='.uvc-heading.ultimate-heading-13666a05d0d1b7abc h2'  data-responsive-json-new='{\"font-size\":\"\",\"line-height\":\"desktop:44px;\"}' ><h2 style=\"font-weight:bold;margin-top:0px;margin-bottom:0px;\">2026-01<\/h2><\/div><\/div>[vc_raw_html]JTNDYSUyMGNsYXNzJTNEJTIydmNfZ2VuZXJhbCUyMHZjX2J0bjMlMjB2Y19idG4zLXNpemUtbWQlMjB2Y19idG4zLXNoYXBlLXNxdWFyZSUyMHZjX2J0bjMtc3R5bGUtZmxhdCUyMHZjX2J0bjMtY29sb3ItaW52ZXJzZSUyMiUyMGhyZWYlM0QlMjJodHRwcyUzQSUyRiUyRnZva2Vzby5jb20lMkZmciUyRmxhLWJkJTJGMjAyNi0wMSUyRiUyMiUyMHRhcmdldCUzRCUyMl9ibGFuayUyMiUyMHRpdGxlJTNEJTIyMjAyNi0wMSUyMiUzRU9VVlJJUiUyMCUyNmd0JTNCJTNDJTJGYSUzRQ==[\/vc_raw_html]<div id=\"ultimate-heading-72906a05d0d1b7af5\" class=\"uvc-heading ult-adjust-bottom-margin ultimate-heading-72906a05d0d1b7af5 uvc-6988 wtv-sh\" data-hspacer=\"no_spacer\"  data-halign=\"left\" style=\"text-align:left\"><div class=\"uvc-heading-spacer no_spacer\" style=\"top\"><\/div><div class=\"uvc-main-heading ult-responsive\"  data-ultimate-target='.uvc-heading.ultimate-heading-72906a05d0d1b7af5 h2'  data-responsive-json-new='{\"font-size\":\"\",\"line-height\":\"desktop:44px;\"}' ><h2 style=\"font-weight:bold;margin-top:0px;margin-bottom:0px;\">2026-03<\/h2><\/div><\/div>[vc_raw_html]JTNDYSUyMGNsYXNzJTNEJTIydmNfZ2VuZXJhbCUyMHZjX2J0bjMlMjB2Y19idG4zLXNpemUtbWQlMjB2Y19idG4zLXNoYXBlLXNxdWFyZSUyMHZjX2J0bjMtc3R5bGUtZmxhdCUyMHZjX2J0bjMtY29sb3ItaW52ZXJzZSUyMiUyMGhyZWYlM0QlMjJodHRwcyUzQSUyRiUyRnZva2Vzby5jb20lMkZmciUyRmxhLWJkJTJGMjAyNi0wMyUyRiUyMiUyMHRhcmdldCUzRCUyMl9ibGFuayUyMiUyMHRpdGxlJTNEJTIyMjAyNi0wMyUyMiUzRU9VVlJJUiUyMCUyNmd0JTNCJTNDJTJGYSUzRQ==[\/vc_raw_html]<div id=\"ultimate-heading-21406a05d0d1b7b17\" class=\"uvc-heading ult-adjust-bottom-margin ultimate-heading-21406a05d0d1b7b17 uvc-8932 wtv-sh\" data-hspacer=\"no_spacer\"  data-halign=\"left\" style=\"text-align:left\"><div class=\"uvc-heading-spacer no_spacer\" style=\"top\"><\/div><div class=\"uvc-main-heading ult-responsive\"  data-ultimate-target='.uvc-heading.ultimate-heading-21406a05d0d1b7b17 h2'  data-responsive-json-new='{\"font-size\":\"\",\"line-height\":\"desktop:44px;\"}' ><h2 style=\"font-weight:bold;margin-top:0px;margin-bottom:0px;\">2026-05<\/h2><\/div><\/div>[vc_raw_html]JTNDYSUyMGNsYXNzJTNEJTIydmNfZ2VuZXJhbCUyMHZjX2J0bjMlMjB2Y19idG4zLXNpemUtbWQlMjB2Y19idG4zLXNoYXBlLXNxdWFyZSUyMHZjX2J0bjMtc3R5bGUtZmxhdCUyMHZjX2J0bjMtY29sb3ItaW52ZXJzZSUyMiUyMGhyZWYlM0QlMjJodHRwcyUzQSUyRiUyRnZva2Vzby5jb20lMkZmciUyRmxhLWJkJTJGbGEtYmQtMjAyNi0wNSUyRiUyMiUyMHRhcmdldCUzRCUyMl9ibGFuayUyMiUyMHRpdGxlJTNEJTIyMjAyNi0wMyUyMiUzRU9VVlJJUiUyMCUyNmd0JTNCJTNDJTJGYSUzRQ==[\/vc_raw_html][\/vc_column][vc_column width=\u00a0\u00bb1\/6&Prime;][\/vc_column][\/vc_row][vc_row full_width=\u00a0\u00bbstretch_row_content_no_spaces\u00a0\u00bb content_placement=\u00a0\u00bbmiddle\u00a0\u00bb bg_type=\u00a0\u00bbbg_color\u00a0\u00bb css=\u00a0\u00bb.vc_custom_1581026149547{margin-top: 0px !important;margin-right: 0px !important;margin-bottom: 0px !important;margin-left: 0px !important;border-top-width: 0px !important;border-right-width: 0px !important;border-bottom-width: 0px !important;border-left-width: 0px !important;padding-top: 0px !important;padding-right: 30px !important;padding-bottom: 0px !important;padding-left: 30px !important;}\u00a0\u00bb bg_color_value=\u00a0\u00bb#efefef\u00a0\u00bb][vc_column width=\u00a0\u00bb1\/6&Prime;][\/vc_column][vc_column css_animation=\u00a0\u00bbfadeInUp\u00a0\u00bb width=\u00a0\u00bb2\/3&Prime;][vc_cta h2=\u00a0\u00bbPRENEZ LE CONTR\u00d4LE DE VOTRE ENTREPRISE.\u00a0\u00bb h2_font_container=\u00a0\u00bbcolor:%23006098&Prime; h2_use_theme_fonts=\u00a0\u00bbyes\u00a0\u00bb h4=\u00a0\u00bbApprenez en davantage sur nos solutions ERP.\u00a0\u00bb h4_font_container=\u00a0\u00bbcolor:%23878787&Prime; h4_use_theme_fonts=\u00a0\u00bbyes\u00a0\u00bb txt_align=\u00a0\u00bbcenter\u00a0\u00bb shape=\u00a0\u00bbsquare\u00a0\u00bb style=\u00a0\u00bbflat\u00a0\u00bb add_button=\u00a0\u00bbbottom\u00a0\u00bb btn_title=\u00a0\u00bbNOS SOLUTIONS\u00a0\u00bb btn_style=\u00a0\u00bbflat\u00a0\u00bb btn_shape=\u00a0\u00bbsquare\u00a0\u00bb btn_color=\u00a0\u00bbinverse\u00a0\u00bb btn_align=\u00a0\u00bbcenter\u00a0\u00bb use_custom_fonts_h2=\u00a0\u00bbtrue\u00a0\u00bb use_custom_fonts_h4=\u00a0\u00bbtrue\u00a0\u00bb btn_link=\u00a0\u00bburl:https%3A%2F%2Fvokeso.com%2Ffr%2Fnos-solutions%2F|title:NOS%20SOLUTIONS||\u00a0\u00bb][\/vc_cta][\/vc_column][vc_column width=\u00a0\u00bb1\/6&Prime;][\/vc_column][\/vc_row][vc_row][vc_column width=\u00a0\u00bb1\/6&Prime;][\/vc_column][vc_column width=\u00a0\u00bb2\/3&Prime;][vc_btn title=\u00a0\u00bbRETOUR\u00a0\u00bb shape=\u00a0\u00bbsquare\u00a0\u00bb i_type=\u00a0\u00bbmaterial\u00a0\u00bb i_icon_material=\u00a0\u00bbvc-material vc-material-keyboard_backspace\u00a0\u00bb add_icon=\u00a0\u00bbtrue\u00a0\u00bb link=\u00a0\u00bburl:https%3A%2F%2Fvokeso.com%2Ffr%2Fressources%2F|title:Ressources||\u00a0\u00bb][\/vc_column][vc_column width=\u00a0\u00bb1\/6&Prime;][\/vc_column][\/vc_row]<\/p>\n","protected":false},"excerpt":{"rendered":"<p>[vc_row full_width=\u00a0\u00bbstretch_row_content_no_spaces\u00a0\u00bb css_animation=\u00a0\u00bbfadeInUp\u00a0\u00bb css=\u00a0\u00bb.vc_custom_1581022965911{margin-top: 0px !important;margin-right: 0px !important;margin-bottom: 0px !important;margin-left: 0px !important;border-top-width: 0px !important;border-right-width: 0px !important;border-bottom-width: 0px !important;border-left-width: 0px !important;padding-top: 0px !important;padding-right: 30px !important;padding-bottom: 0px !important;padding-left: 30px !important;}\u00a0\u00bb][vc_column width=\u00a0\u00bb1\/6&Prime;][\/vc_column][vc_column width=\u00a0\u00bb2\/3&Prime; css=\u00a0\u00bb.vc_custom_1528821166754{margin-top: 0px !important;margin-right: 0px !important;margin-bottom: 0px !important;margin-left: 0px !important;border-top-width: 0px !important;border-right-width: 0px !important;border-bottom-width: 0px !important;border-left-width: 0px !important;padding-top: 0px !important;padding-right: 0px !important;padding-bottom: 0px !important;padding-left: 0px !important;}\u00a0\u00bb][vc_single_image&hellip;<\/p>\n","protected":false},"author":10,"featured_media":0,"parent":0,"menu_order":0,"comment_status":"closed","ping_status":"closed","template":"","meta":{"_acf_changed":false},"class_list":["post-6270","page","type-page","status-publish","hentry","description-off"],"acf":[],"aioseo_notices":[],"_links":{"self":[{"href":"https:\/\/vokeso.com\/fr\/wp-json\/wp\/v2\/pages\/6270","targetHints":{"allow":["GET"]}}],"collection":[{"href":"https:\/\/vokeso.com\/fr\/wp-json\/wp\/v2\/pages"}],"about":[{"href":"https:\/\/vokeso.com\/fr\/wp-json\/wp\/v2\/types\/page"}],"author":[{"embeddable":true,"href":"https:\/\/vokeso.com\/fr\/wp-json\/wp\/v2\/users\/10"}],"replies":[{"embeddable":true,"href":"https:\/\/vokeso.com\/fr\/wp-json\/wp\/v2\/comments?post=6270"}],"version-history":[{"count":9,"href":"https:\/\/vokeso.com\/fr\/wp-json\/wp\/v2\/pages\/6270\/revisions"}],"predecessor-version":[{"id":6486,"href":"https:\/\/vokeso.com\/fr\/wp-json\/wp\/v2\/pages\/6270\/revisions\/6486"}],"wp:attachment":[{"href":"https:\/\/vokeso.com\/fr\/wp-json\/wp\/v2\/media?parent=6270"}],"curies":[{"name":"wp","href":"https:\/\/api.w.org\/{rel}","templated":true}]}}