{"id":27,"date":"2018-04-15T17:59:29","date_gmt":"2018-04-15T21:59:29","guid":{"rendered":"https:\/\/vokeso.com\/?page_id=27"},"modified":"2021-04-30T12:53:04","modified_gmt":"2021-04-30T16:53:04","slug":"carrieres","status":"publish","type":"page","link":"https:\/\/vokeso.com\/fr\/carrieres\/","title":{"rendered":"Carri\u00e8res"},"content":{"rendered":"<p>[vc_row full_width=\u00a0\u00bbstretch_row_content_no_spaces\u00a0\u00bb bg_type=\u00a0\u00bbimage\u00a0\u00bb parallax_style=\u00a0\u00bbvcpb-default\u00a0\u00bb bg_image_new=\u00a0\u00bbid^484|url^https:\/\/vokeso.com\/wp-content\/uploads\/2018\/05\/solution_09.jpg|caption^null|alt^null|title^solution_09|description^null\u00a0\u00bb bg_image_repeat=\u00a0\u00bbno-repeat\u00a0\u00bb bg_img_attach=\u00a0\u00bbfixed\u00a0\u00bb bg_override=\u00a0\u00bbfull\u00a0\u00bb enable_overlay=\u00a0\u00bbenable_overlay_value\u00a0\u00bb overlay_color=\u00a0\u00bbrgba(0,0,0,0.5)\u00a0\u00bb overlay_pattern=\u00a0\u00bbtransperant\u00a0\u00bb][vc_column][rev_slider_vc alias=\u00a0\u00bbcarriere\u00a0\u00bb][\/vc_column][\/vc_row][vc_row full_width=\u00a0\u00bbstretch_row_content\u00a0\u00bb gap=\u00a0\u00bb25&Prime; css=\u00a0\u00bb.vc_custom_1541007863910{padding-top: 40px !important;padding-right: 7% !important;padding-bottom: 50px !important;padding-left: 7% !important;}\u00a0\u00bb][vc_column width=\u00a0\u00bb7\/12&Prime;]<div id=\"ultimate-heading-28766a05d0bef11d9\" class=\"uvc-heading ult-adjust-bottom-margin ultimate-heading-28766a05d0bef11d9 uvc-3988 \" data-hspacer=\"line_only\"  data-halign=\"left\" style=\"text-align:left\"><div class=\"uvc-main-heading ult-responsive\"  data-ultimate-target='.uvc-heading.ultimate-heading-28766a05d0bef11d9 h2'  data-responsive-json-new='{\"font-size\":\"desktop:30px;\",\"line-height\":\"desktop:40px;\"}' ><h2 style=\"font-weight:bold;\">OPPORTUNIT\u00c9S D'EMPLOI<\/h2><\/div><div class=\"uvc-heading-spacer line_only\" style=\"margin-top:10px;margin-bottom:10px;height:2px;\"><span class=\"uvc-headings-line\" style=\"border-style:solid;border-bottom-width:2px;border-color:#ff4611;width:100px;\"><\/span><\/div><\/div>[vc_tta_accordion style=\u00a0\u00bbflat\u00a0\u00bb shape=\u00a0\u00bbsquare\u00a0\u00bb gap=\u00a0\u00bb20&Prime; c_position=\u00a0\u00bbright\u00a0\u00bb active_section=\u00a0\u00bb0&Prime; collapsible_all=\u00a0\u00bbtrue\u00a0\u00bb css=\u00a0\u00bb.vc_custom_1619801380423{padding-top: 20px !important;padding-bottom: 20px !important;}\u00a0\u00bb][vc_tta_section title=\u00a0\u00bbANALYSTE FONCTIONNEL \u2013 MICROSOFT DYNAMICS 365 BUSINESS CENTRAL\u00a0\u00bb tab_id=\u00a0\u00bb1540999815168-e72be8c3-cc3f0344-73368010-510c\u00a0\u00bb]<div id=\"ultimate-heading-24546a05d0bef120a\" class=\"uvc-heading ult-adjust-bottom-margin ultimate-heading-24546a05d0bef120a uvc-4463 \" data-hspacer=\"no_spacer\"  data-halign=\"left\" style=\"text-align:left\"><div class=\"uvc-heading-spacer no_spacer\" style=\"top\"><\/div><div class=\"uvc-sub-heading ult-responsive\"  data-ultimate-target='.uvc-heading.ultimate-heading-24546a05d0bef120a .uvc-sub-heading '  data-responsive-json-new='{\"font-size\":\"desktop:18px;\",\"line-height\":\"\"}'  style=\"font-weight:normal;margin-top:20px;margin-bottom:20px;\"><em>Tu souhaites relever de nouveaux d\u00e9fis au sein d\u2019une entreprise TI en pleine croissance ? <\/em><\/p>\n<p><em>\u00c7a tombe bien !<\/em> Vokeso est activement \u00e0 la recherche d\u2019un <strong>analyste fonctionnel<\/strong> pour Microsoft Dynamics 365 Business Central afin de renforcer notre \u00e9quipe d\u2019implantation et de d\u00e9veloppement.<\/p>\n<p>Le <strong>candidat i<\/strong><strong>d\u00e9al<\/strong> poss\u00e8de au moins 5 ans d\u2019exp\u00e9rience et ses habilet\u00e9s en analyse d\u2019affaires et en d\u00e9veloppement n\u2019ont d\u2019\u00e9gales que sa compr\u00e9hension des enjeux clients et du progiciel Business Central.<\/p>\n<p>Il peut coder en C\/AL et se sent confortable dans l\u2019environnement technique de Microsoft, notamment en ce qui a trait aux Extensions 2.0 pour Busines Central.<\/p>\n<p>Il a \u0153uvr\u00e9 aupr\u00e8s de clients et ma\u00eetrise la majorit\u00e9 des modules applicatifs qu\u2019il a su configurer en appliquant la m\u00e9thodologie <em>Sure Step<\/em>.<\/p>\n<p>Il est bilingue, autonome et s\u2019int\u00e8gre tr\u00e8s bien dans une \u00e9quipe gr\u00e2ce \u00e0 son attitude dynamique, son ouverture et ses talents de collaborateur.<\/p>\n<p>Il est \u00e9galement dot\u00e9(e) d&rsquo;un excellent relationnel, autonome et rigoureux, vous savez convaincre et vous impliquer pour assurer la r\u00e9ussite de vos missions ; nous vous proposons des projets vari\u00e9s dans un environnement de travail propice \u00e0 l&rsquo;enrichissement de votre expertise.<\/p>\n<p><em>N.B. Le masculin a \u00e9t\u00e9 utilis\u00e9 afin d\u2019all\u00e9ger le texte<\/em>.<\/p>\n<p>____________________________<\/p>\n<p>Comme vous pouvez le constater, nous cherchons un-e candidat-e exceptionnel-le, inspir\u00e9-e par de nouveaux d\u00e9fis et motiv\u00e9-e par la possibilit\u00e9 de contribuer tant \u00e0 l\u2019\u00e9volution de Vokeso qu\u2019\u00e0 celle de ses clients.<\/p>\n<p>Comme le disait si bien <em>Henry Ford<\/em>\u00a0: <strong>\u00ab\u00a0<\/strong><strong><em>Que vous pensiez pouvoir le faire ou non \u2013 vous avez raison.<\/em><\/strong><strong>\u00a0\u00bb<\/strong> Si vous \u00eates cette personne exceptionnelle ou vous souhaitez le devenir, faites-nous parvenir votre CV en postulant directement via le formulaire suivant.<\/p>\n<p><strong>\u00c0 PROPOS DE VOKESO<\/strong><\/p>\n<p>Situ\u00e9 \u00e0 Montr\u00e9al, Vokeso est un revendeur certifi\u00e9 Microsoft pour les solutions Dynamics 365 Business Central (ERP) et CRM. Nous proposons \u00e9galement divers services professionnels tels que diverses solutions logicielles, des services conseils en TI et du d\u00e9veloppement sur mesure. Nos clients \u0153uvrent majoritairement dans le secteur manufacturier, de la distribution, des services professionnels ainsi que financier.<\/p>\n<p><strong>CONDITIONS D\u2019EMPLOI<\/strong><\/p>\n<ul>\n<li>Poste permanent \u00e0 temps plein<\/li>\n<li>37,5 heures par semaine r\u00e9guli\u00e8re<\/li>\n<li>Salaire concurrentiel selon exp\u00e9rience<\/li>\n<li>Assurances collectives et autres b\u00e9n\u00e9fices<\/li>\n<li>T\u00e9l\u00e9travail <em>(cela fait partie int\u00e9grante du mod\u00e8le d\u2019affaires de l\u2019entreprise, et ce, bien avant la pand\u00e9mie !)<\/em> et d\u00e9placement occasionnel chez les clients<\/li>\n<\/ul>\n<p><\/div><\/div>[\/vc_tta_section][vc_tta_section title=\u00a0\u00bbD\u00c9VELOPPEUR \u2013 MICROSOFT DYNAMICS 365 BUSINESS CENTRAL\u00a0\u00bb tab_id=\u00a0\u00bb1619800858439-cd72ad35-c415&Prime;]<div id=\"ultimate-heading-72296a05d0bef1233\" class=\"uvc-heading ult-adjust-bottom-margin ultimate-heading-72296a05d0bef1233 uvc-4189 \" data-hspacer=\"no_spacer\"  data-halign=\"left\" style=\"text-align:left\"><div class=\"uvc-heading-spacer no_spacer\" style=\"top\"><\/div><div class=\"uvc-sub-heading ult-responsive\"  data-ultimate-target='.uvc-heading.ultimate-heading-72296a05d0bef1233 .uvc-sub-heading '  data-responsive-json-new='{\"font-size\":\"desktop:18px;\",\"line-height\":\"\"}'  style=\"font-weight:normal;margin-top:20px;margin-bottom:20px;\"><em>Tu souhaites relever de nouveaux d\u00e9fis au sein d\u2019une entreprise TI en pleine croissance ? <\/em><\/p>\n<p><em>\u00c7a tombe bien !<\/em> Vokeso est activement \u00e0 la recherche d\u2019un <strong>analyste fonctionnel<\/strong> pour Microsoft Dynamics 365 Business Central afin de renforcer notre \u00e9quipe d\u2019implantation et de d\u00e9veloppement.<\/p>\n<p>Le <strong>candidat i<\/strong><strong>d\u00e9al<\/strong> poss\u00e8de au moins 5 ans d\u2019exp\u00e9rience en programmation et d\u00e9veloppement, particuli\u00e8rement dans l&rsquo;univers des progiciels de gestion int\u00e9gr\u00e9e.<\/p>\n<p>Il peut coder en C\/AL et se sent confortable dans l\u2019environnement technique de Microsoft, notamment en ce qui a trait aux Extensions 2.0 pour Business Central.<\/p>\n<p>Il a \u0153uvr\u00e9 aupr\u00e8s de clients et ma\u00eetrise la majorit\u00e9 des modules applicatifs qu\u2019il a su configurer en appliquant la m\u00e9thodologie <em>Sure Step <\/em>de Microsoft.<\/p>\n<p>Il est bilingue, autonome et s\u2019int\u00e8gre tr\u00e8s bien dans une \u00e9quipe gr\u00e2ce \u00e0 son attitude dynamique, son ouverture et ses talents de collaborateur.<\/p>\n<p>Il est \u00e9galement dot\u00e9(e) d&rsquo;un excellent relationnel, autonome et rigoureux, vous savez convaincre et vous impliquer pour assurer la r\u00e9ussite de vos missions ; nous vous proposons des projets vari\u00e9s dans un environnement de travail propice \u00e0 l&rsquo;enrichissement de votre expertise.<\/p>\n<p><em>N.B. Le masculin a \u00e9t\u00e9 utilis\u00e9 afin d\u2019all\u00e9ger le texte<\/em>.<\/p>\n<p>____________________________<\/p>\n<p>Comme vous pouvez le constater, nous cherchons un-e candidat-e exceptionnel-le, inspir\u00e9-e par de nouveaux d\u00e9fis et motiv\u00e9-e par la possibilit\u00e9 de contribuer tant \u00e0 l\u2019\u00e9volution de Vokeso qu\u2019\u00e0 celle de ses clients.<\/p>\n<p>Comme le disait si bien <em>Henry Ford<\/em>\u00a0: <strong>\u00ab\u00a0<\/strong><strong><em>Que vous pensiez pouvoir le faire ou non \u2013 vous avez raison.<\/em><\/strong><strong>\u00a0\u00bb<\/strong> Si vous \u00eates cette personne exceptionnelle ou vous souhaitez le devenir, faites-nous parvenir votre CV en postulant directement via le formulaire suivant.<\/p>\n<p><strong>\u00c0 PROPOS DE VOKESO<\/strong><\/p>\n<p>Situ\u00e9 \u00e0 Montr\u00e9al, Vokeso est un revendeur certifi\u00e9 Microsoft pour les solutions Dynamics 365 Business Central (ERP) et CRM. Nous proposons \u00e9galement divers services professionnels tels que diverses solutions logicielles, des services conseils en TI et du d\u00e9veloppement sur mesure. Nos clients \u0153uvrent majoritairement dans le secteur manufacturier, de la distribution, des services professionnels ainsi que financier.<\/p>\n<p><strong>CONDITIONS D\u2019EMPLOI<\/strong><\/p>\n<ul>\n<li>Poste permanent \u00e0 temps plein<\/li>\n<li>37,5 heures par semaine r\u00e9guli\u00e8re<\/li>\n<li>Salaire concurrentiel selon exp\u00e9rience<\/li>\n<li>Assurances collectives et autres b\u00e9n\u00e9fices<\/li>\n<li>T\u00e9l\u00e9travail <em>(cela fait partie int\u00e9grante du mod\u00e8le d\u2019affaires de l\u2019entreprise, et ce, bien avant la pand\u00e9mie !)<\/em> et d\u00e9placement occasionnel chez les clients<\/li>\n<\/ul>\n<p><\/div><\/div>[\/vc_tta_section][\/vc_tta_accordion][\/vc_column][vc_column width=\u00a0\u00bb5\/12&Prime;]<div id=\"ultimate-heading-91006a05d0bef125b\" class=\"uvc-heading ult-adjust-bottom-margin ultimate-heading-91006a05d0bef125b uvc-5227 \" data-hspacer=\"line_only\"  data-halign=\"left\" style=\"text-align:left\"><div class=\"uvc-main-heading ult-responsive\"  data-ultimate-target='.uvc-heading.ultimate-heading-91006a05d0bef125b h2'  data-responsive-json-new='{\"font-size\":\"desktop:30px;\",\"line-height\":\"desktop:40px;\"}' ><h2 style=\"font-weight:bold;margin-top:0px;margin-bottom:0px;\">Postulez maintenant<\/h2><\/div><div class=\"uvc-heading-spacer line_only\" style=\"margin-top:10px;margin-bottom:0px;height:2px;\"><span class=\"uvc-headings-line\" style=\"border-style:solid;border-bottom-width:2px;border-color:#ff4611;width:100px;\"><\/span><\/div><div class=\"uvc-sub-heading ult-responsive\"  data-ultimate-target='.uvc-heading.ultimate-heading-91006a05d0bef125b .uvc-sub-heading '  data-responsive-json-new='{\"font-size\":\"desktop:10px;\",\"line-height\":\"\"}'  style=\"font-weight:normal;margin-top:0px;margin-bottom:0px;\"><\/p>\n<p style=\"text-align: right;\">* requis<\/p>\n<p style=\"text-align: left;\">\n<div class=\"wpcf7 no-js\" id=\"wpcf7-f928-o1\" lang=\"en-US\" dir=\"ltr\" data-wpcf7-id=\"928\">\n<div class=\"screen-reader-response\"><p role=\"status\" aria-live=\"polite\" aria-atomic=\"true\"><\/p> <ul><\/ul><\/div>\n<form action=\"\/fr\/wp-json\/wp\/v2\/pages\/27#wpcf7-f928-o1\" method=\"post\" class=\"wpcf7-form init\" aria-label=\"Contact form\" enctype=\"multipart\/form-data\" novalidate=\"novalidate\" data-status=\"init\">\n<fieldset class=\"hidden-fields-container\"><input type=\"hidden\" name=\"_wpcf7\" value=\"928\" \/><input type=\"hidden\" name=\"_wpcf7_version\" value=\"6.1.5\" \/><input type=\"hidden\" name=\"_wpcf7_locale\" value=\"en_US\" \/><input type=\"hidden\" name=\"_wpcf7_unit_tag\" value=\"wpcf7-f928-o1\" \/><input type=\"hidden\" name=\"_wpcf7_container_post\" value=\"0\" \/><input type=\"hidden\" name=\"_wpcf7_posted_data_hash\" value=\"\" \/><input type=\"hidden\" name=\"_wpcf7_recaptcha_response\" value=\"\" \/>\n<\/fieldset>\n<p><label style=\"font-family:open sans; font-size:14px;\"> Titre du poste*<br \/>\n<span class=\"wpcf7-form-control-wrap\" data-name=\"job-title\"><input size=\"40\" maxlength=\"400\" class=\"wpcf7-form-control wpcf7-text wpcf7-validates-as-required\" aria-required=\"true\" aria-invalid=\"false\" placeholder=\"Titre du poste pour lequel vous postulez\" value=\"\" type=\"text\" name=\"job-title\" \/><\/span><\/label><br \/>\n<label style=\"font-family:open sans; font-size:14px;\"> Pr\u00e9nom*<br \/>\n<span class=\"wpcf7-form-control-wrap\" data-name=\"your-name\"><input size=\"40\" maxlength=\"400\" class=\"wpcf7-form-control wpcf7-text wpcf7-validates-as-required\" aria-required=\"true\" aria-invalid=\"false\" value=\"\" type=\"text\" name=\"your-name\" \/><\/span><\/label><br \/>\n<label style=\"font-family:open sans; font-size:14px;\"> Nom*<br \/>\n<span class=\"wpcf7-form-control-wrap\" data-name=\"your-last-name\"><input size=\"40\" maxlength=\"400\" class=\"wpcf7-form-control wpcf7-text wpcf7-validates-as-required\" aria-required=\"true\" aria-invalid=\"false\" value=\"\" type=\"text\" name=\"your-last-name\" \/><\/span><\/label><br \/>\n<label style=\"font-family:open sans; font-size:14px;\"> Courriel*<br \/>\n<span class=\"wpcf7-form-control-wrap\" data-name=\"your-email\"><input size=\"40\" maxlength=\"400\" class=\"wpcf7-form-control wpcf7-email wpcf7-validates-as-required wpcf7-text wpcf7-validates-as-email\" aria-required=\"true\" aria-invalid=\"false\" value=\"\" type=\"email\" name=\"your-email\" \/><\/span><\/label><br \/>\n<label style=\"font-family:open sans; font-size:14px;\"> T\u00e9l\u00e9phone*<br \/>\n<span class=\"wpcf7-form-control-wrap\" data-name=\"tel\"><input size=\"40\" maxlength=\"400\" class=\"wpcf7-form-control wpcf7-tel wpcf7-validates-as-required wpcf7-text wpcf7-validates-as-tel\" aria-required=\"true\" aria-invalid=\"false\" placeholder=\"xxx-xxx-xxxx\" value=\"\" type=\"tel\" name=\"tel\" \/><\/span><\/label><br \/>\n<label style=\"font-family:open sans; font-size:14px;\"> Message<br \/>\n<span class=\"wpcf7-form-control-wrap\" data-name=\"textarea\"><textarea cols=\"40\" rows=\"3\" maxlength=\"2000\" class=\"wpcf7-form-control wpcf7-textarea\" aria-invalid=\"false\" name=\"textarea\"><\/textarea><\/span><\/label><br \/>\n<label style=\"font-family:open sans; font-size:14px;\"> <strong>Joindre un CV*<\/strong> (.pdf)<br \/>\n<span class=\"wpcf7-form-control-wrap\" data-name=\"file\"><input size=\"40\" class=\"wpcf7-form-control wpcf7-file wpcf7-validates-as-required\" accept=\".pdf\" aria-required=\"true\" aria-invalid=\"false\" type=\"file\" name=\"file\" \/><\/span> <\/label>\n<\/p>\n<p><label style=\"font-family:open sans; font-size:14px;\"> Joindre une lettre de motivation (.pdf)<br \/>\n<span class=\"wpcf7-form-control-wrap\" data-name=\"file-1\"><input size=\"40\" class=\"wpcf7-form-control wpcf7-file\" accept=\".pdf\" aria-invalid=\"false\" type=\"file\" name=\"file-1\" \/><\/span> <\/label>\n<\/p>\n<p style=\"font-family:open sans; font-size:20px; text-align: right; padding:0px;\"><input class=\"wpcf7-form-control wpcf7-submit has-spinner\" type=\"submit\" value=\"ENVOYER\" \/>\n<\/p><div class=\"wpcf7-response-output\" aria-hidden=\"true\"><\/div>\n<\/form>\n<\/div>\n<p><\/div><\/div>[\/vc_column][\/vc_row]<\/p>\n","protected":false},"excerpt":{"rendered":"<p>[vc_row full_width=\u00a0\u00bbstretch_row_content_no_spaces\u00a0\u00bb bg_type=\u00a0\u00bbimage\u00a0\u00bb parallax_style=\u00a0\u00bbvcpb-default\u00a0\u00bb bg_image_new=\u00a0\u00bbid^484|url^https:\/\/vokeso.com\/wp-content\/uploads\/2018\/05\/solution_09.jpg|caption^null|alt^null|title^solution_09|description^null\u00a0\u00bb bg_image_repeat=\u00a0\u00bbno-repeat\u00a0\u00bb bg_img_attach=\u00a0\u00bbfixed\u00a0\u00bb bg_override=\u00a0\u00bbfull\u00a0\u00bb enable_overlay=\u00a0\u00bbenable_overlay_value\u00a0\u00bb overlay_color=\u00a0\u00bbrgba(0,0,0,0.5)\u00a0\u00bb overlay_pattern=\u00a0\u00bbtransperant\u00a0\u00bb][vc_column][rev_slider_vc alias=\u00a0\u00bbcarriere\u00a0\u00bb][\/vc_column][\/vc_row][vc_row full_width=\u00a0\u00bbstretch_row_content\u00a0\u00bb gap=\u00a0\u00bb25&Prime; css=\u00a0\u00bb.vc_custom_1541007863910{padding-top: 40px !important;padding-right: 7% !important;padding-bottom: 50px !important;padding-left: 7% !important;}\u00a0\u00bb][vc_column width=\u00a0\u00bb7\/12&Prime;][vc_tta_accordion style=\u00a0\u00bbflat\u00a0\u00bb shape=\u00a0\u00bbsquare\u00a0\u00bb gap=\u00a0\u00bb20&Prime; c_position=\u00a0\u00bbright\u00a0\u00bb active_section=\u00a0\u00bb0&Prime; collapsible_all=\u00a0\u00bbtrue\u00a0\u00bb css=\u00a0\u00bb.vc_custom_1619801380423{padding-top: 20px !important;padding-bottom: 20px !important;}\u00a0\u00bb][vc_tta_section title=\u00a0\u00bbANALYSTE FONCTIONNEL \u2013 MICROSOFT DYNAMICS 365 BUSINESS CENTRAL\u00a0\u00bb tab_id=\u00a0\u00bb1540999815168-e72be8c3-cc3f0344-73368010-510c\u00a0\u00bb][\/vc_tta_section][vc_tta_section title=\u00a0\u00bbD\u00c9VELOPPEUR \u2013 MICROSOFT DYNAMICS 365 BUSINESS CENTRAL\u00a0\u00bb tab_id=\u00a0\u00bb1619800858439-cd72ad35-c415&Prime;][\/vc_tta_section][\/vc_tta_accordion][\/vc_column][vc_column width=\u00a0\u00bb5\/12&Prime;][\/vc_column][\/vc_row]<\/p>\n","protected":false},"author":15,"featured_media":0,"parent":0,"menu_order":0,"comment_status":"closed","ping_status":"closed","template":"","meta":{"_acf_changed":false},"class_list":["post-27","page","type-page","status-publish","hentry","description-off"],"acf":[],"aioseo_notices":[],"_links":{"self":[{"href":"https:\/\/vokeso.com\/fr\/wp-json\/wp\/v2\/pages\/27","targetHints":{"allow":["GET"]}}],"collection":[{"href":"https:\/\/vokeso.com\/fr\/wp-json\/wp\/v2\/pages"}],"about":[{"href":"https:\/\/vokeso.com\/fr\/wp-json\/wp\/v2\/types\/page"}],"author":[{"embeddable":true,"href":"https:\/\/vokeso.com\/fr\/wp-json\/wp\/v2\/users\/15"}],"replies":[{"embeddable":true,"href":"https:\/\/vokeso.com\/fr\/wp-json\/wp\/v2\/comments?post=27"}],"version-history":[{"count":16,"href":"https:\/\/vokeso.com\/fr\/wp-json\/wp\/v2\/pages\/27\/revisions"}],"predecessor-version":[{"id":3877,"href":"https:\/\/vokeso.com\/fr\/wp-json\/wp\/v2\/pages\/27\/revisions\/3877"}],"wp:attachment":[{"href":"https:\/\/vokeso.com\/fr\/wp-json\/wp\/v2\/media?parent=27"}],"curies":[{"name":"wp","href":"https:\/\/api.w.org\/{rel}","templated":true}]}}